{"id":128,"date":"2011-04-07T13:17:27","date_gmt":"2011-04-07T13:17:27","guid":{"rendered":"http:\/\/www.karen-susan-fessel.de\/neu\/?page_id=128"},"modified":"2018-07-09T23:30:57","modified_gmt":"2018-07-09T21:30:57","slug":"bibliografie-2","status":"publish","type":"page","link":"https:\/\/www.karen-susan-fessel.de\/index.php\/bibliografie-2\/","title":{"rendered":"Bibliografie"},"content":{"rendered":"<div id=\"content\">\n<p><strong>Eigenst\u00e4ndige literarische Ver\u00f6ffentlichungen<\/strong><\/p>\n<p><span style=\"text-decoration: underline;\">Und abends mit Beleuchtung<\/span>. Roman. konkursbuch Verlag Claudia Gehrke, T\u00fcbingen 1994<\/p>\n<p><span style=\"text-decoration: underline;\">Heuchelmund.<\/span> Erz\u00e4hlungen. konkursbuch Verlag Claudia Gehrke, T\u00fcbingen 1995<\/p>\n<p><span style=\"text-decoration: underline;\">Bilder von ihr. <\/span>Roman. Querverlag, Berlin 1996<\/p>\n<ul>\n<li>TB-Ausgabe Piper Verlag, M\u00fcnchen 1999<\/li>\n<\/ul>\n<p><span style=\"text-decoration: underline;\">Sirib, meine K\u00f6nigin.<\/span> Erz\u00e4hlung. konkursbuch Verlag Claudia Gehrke, T\u00fcbingen 1997<\/p>\n<p><span style=\"text-decoration: underline;\">Was ich Moira nicht sage<\/span>. Erz\u00e4hlungen. Querverlag, Berlin 1998<\/p>\n<ul>\n<li>TB-Ausgabe Piper Verlag, M\u00fcnchen 2005<\/li>\n<\/ul>\n<p><span style=\"text-decoration: underline;\">Ein Stern namens Mama.<\/span> Kinderbuch. Verlag Friedrich Oetinger, Hamburg 1999<\/p>\n<ul>\n<li>\u00a0japanische Ausgabe Kyuryudo, Tokio 2002, erweiterte Sonderedition mit Illustrationen 2004<\/li>\n<li>taiwanische Ausgabe New Sprouts, Taipeh 2003<\/li>\n<li>taiwanische Schulbuchausgabe New Sprouts, Taipeh 2006<\/li>\n<li>koreanische Ausgabe Daejeon 2007<\/li>\n<li>polnische Ausgabe c &amp; t, Warschau 2007<\/li>\n<li>chinesische Ausgabe\u00a02008<\/li>\n<li>Theaterfassung Verlag f\u00fcr Kindertheater, 2006 (Autorin: Antje Siebers); Urauff\u00fchrung: Kinder- und Jugendtheater Dortmund, Februar 2005, Regie: Antje Siebers<\/li>\n<li>Neuausgabe mit Unterrichtsmaterialien, Verlag Friedrich Oetinger, Hamburg 2010<\/li>\n<li>Neuauflage\u00a0Oetinger Taschenbuch, 2016<\/li>\n<li>Ebook Oetinger Taschenbuch 2016<\/li>\n<\/ul>\n<p><span style=\"text-decoration: underline;\">Steingesicht.<\/span> Jugendbuch. Verlag Friedrich Oetinger, Hamburg 2001<\/p>\n<ul>\n<li>taiwanische Ausgabe New Sprouts, Taipeh 2002<\/li>\n<li>taiwanische Schulbuchausgabe 2005<\/li>\n<li>Neuausgabe Querverlag 2014<\/li>\n<\/ul>\n<p><span style=\"text-decoration: underline;\">Nur die Besten! <\/span>Roman. Piper Verlag, M\u00fcnchen 200<\/p>\n<ul>\n<li>Neuauflage: Querverlag, Berlin 2005<\/li>\n<\/ul>\n<p><span style=\"text-decoration: underline;\">Und wenn schon!<\/span> Jugendbuch. Verlag Friedrich Oetinger, Hamburg 2002<\/p>\n<ul>\n<li>taiwanische Ausgabe New Sprouts, Taipeh 2003<\/li>\n<li>Schulbuchausgabe Klett 2004<\/li>\n<li>Neuausgabe mit Unterrichtsmaterialien, Verlag Friedrich Oetinger, Hamburg 2009<\/li>\n<li>Neuausgabe: BOD 2012<\/li>\n<li>Neuausgabe: Oetinger Taschenbuch 2016<\/li>\n<\/ul>\n<p><span style=\"text-decoration: underline;\">Bis ich sie finde.<\/span> Roman. Querverlag, Berlin 2002<\/p>\n<ul>\n<li>TB-Ausgabe Piper Verlag, M\u00fcnchen 2004<\/li>\n<\/ul>\n<p><span style=\"text-decoration: underline;\">Ausgerechnet du.<\/span> Jugendbuch. Verlag Friedrich Oetinger, Hamburg 2003<\/p>\n<ul>\n<li>Schulbuchausgabe Schroedel-Verlag 2007<\/li>\n<\/ul>\n<p><span style=\"text-decoration: underline;\">Unter meinen H\u00e4nden.<\/span> Roman. Querverlag, Berlin 2004<\/p>\n<p><span style=\"text-decoration: underline;\">Lametta am Himmel.<\/span> Kinderbuch. Verlag Friedr. Oetinger, Hamburg 2004<\/p>\n<p><span style=\"text-decoration: underline;\">Jenny mit O.<\/span> Roman. Querverlag, Berlin 2005<\/p>\n<p><span style=\"text-decoration: underline;\">Max in den Wolken. <\/span>Jugendbuch. Verlag Friedr. Oetinger, Hamburg 2005<\/p>\n<ul>\n<li>Theaterfassung Verlag f\u00fcr Kindertheater (Autor: Stefan Schroeder) Hamburg, 2006<\/li>\n<li>Neuausgabe: BOD 2013<\/li>\n<\/ul>\n<p><span style=\"text-decoration: underline;\">Abenteuer und Frauengeschichten.<\/span> Erz\u00e4hlungen. Querverlag, Berlin 2006<\/p>\n<p><span style=\"text-decoration: underline;\">Achtung, M\u00e4dchen gesucht! <\/span>Jugendbuch. Verlag Friedrich Oetinger, Hamburg 2007<\/p>\n<ul>\n<li>Neuausgabe: BOD 2013<\/li>\n<\/ul>\n<p><span style=\"text-decoration: underline;\">Feuer im Kopf. <\/span>Jugendbuch. Verlag Friedrich Oetinger, Hamburg 2008<\/p>\n<ul>\n<li>Neuausgabe: BOD 2012<\/li>\n<\/ul>\n<p><span style=\"text-decoration: underline;\">Achtung, Jungs unterwegs<\/span>.\u00a0Jugendbuch. Verlag Friedrich Oetinger, Hamburg 2008<\/p>\n<ul>\n<li>Neuausgabe: BOD 2012<\/li>\n<\/ul>\n<p><span style=\"text-decoration: underline;\">GG &#8211; was ist das? Das Grundgesetz erkl\u00e4rt. <\/span>Sachbuch mit literarischen Texten. Zus. mit Manfred Schwarz. Verlag Friedrich Oetinger, Hamburg 2009<\/p>\n<p><span style=\"text-decoration: underline;\">Polarchaoten<\/span>. Jugendbuch. Verlag Friedrich Oetinger, Hamburg 2009<\/p>\n<ul>\n<li>Neuausgabe: BOD, Norderstedt 2013<\/li>\n<\/ul>\n<p><span style=\"text-decoration: underline;\">Leise T\u00f6ne<\/span>. Roman. Querverlag, Berlin 2010<\/p>\n<p><span style=\"text-decoration: underline;\">was du willst<\/span>. Roman. Querverlag, Berlin 2013<\/p>\n<p><span style=\"text-decoration: underline;\">Liebe macht Anders<\/span>. Roman. Kosmos, Stuttgart 2013<\/p>\n<p><span style=\"text-decoration: underline;\">Schattenblicke<\/span>. Roman. dtv, Frankfurt\/Main 2014<\/p>\n<p><span style=\"text-decoration: underline;\">Achtung, Katzendiebe<\/span> (zus. mit Regina N\u00f6ssler). Kinderbuch. Kosmos, Stuttgart 2014<\/p>\n<p><span style=\"text-decoration: underline;\">Bronko, meine Frau Mutter und ich<\/span>. Querverlag, Berlin 2014<\/p>\n<p><span style=\"text-decoration: underline;\">Was in den Schatten ruht.<\/span> Jugendbuch. Kosmos, Stuttgart 2015<\/p>\n<p><span style=\"text-decoration: underline;\">Hiphop, Hund und Herzgeh\u00fcpfe.<\/span> Kinderbuch. Kosmos, Stuttgart 2016<\/p>\n<p><span style=\"text-decoration: underline;\">Frieda Fricke, unm\u00f6glich!<\/span>\u00a0Kinderbuch. Kosmos, Stuttgart 2017<\/p>\n<p><span style=\"text-decoration: underline;\">Alles ist echt.<\/span>\u00a0Jugendbuch. Oetinger Taschenbuch, Hamburg 2017<\/p>\n<p><u>Mutter zieht aus.\u00a0\u00a0<\/u>Roman. konkursbuch Verlag Claudia Gehrke, T\u00fcbingen 2018<\/p>\n<p><span style=\"text-decoration: underline;\">Frieda Fricke, unglaublich!<\/span>\u00a0Kinderbuch. Kosmos, Stuttgart 2018<\/p>\n<p><span style=\"text-decoration: underline;\">Nebeltage, Glitzertage. Kindern bipolare St\u00f6rungen erkl\u00e4ren.<\/span><span style=\"font-size: 1rem;\">\u00a0Bilderbuch. Psychatrie Verlag, K\u00f6ln 2018<\/span><\/p>\n<\/div>\n<div id=\"content\">\n<p><strong>Weitere eigenst\u00e4ndige Ver\u00f6ffentlichungen<\/strong><\/p>\n<p><span style=\"text-decoration: underline;\">Selbsthilfehandbuch f\u00fcr Menschen mit HIV und AIDS.<\/span> Zusammen mit Christiane Cordes u.a. Deutsche AIDS-Hilfe (Hg.), Berlin 1997<\/p>\n<p><span style=\"text-decoration: underline;\">Danke, ich schaff&#8217;s alleine!<\/span> Die kleine Masturbierfibel f\u00fcr die selbst\u00e4ndige Frau von heute. Berlin, Querverlag 2003<\/p>\n<p><span style=\"text-decoration: underline;\">Out &#8211; 800 ber\u00fchmte Lesben, Schwule und Bisexuelle. <\/span>Zusammen mit Axel Schock. 5. Auflage\/Neuausgabe. Querverlag, Berlin 2004<\/p>\n<p>&nbsp;<\/p>\n<p><span style=\"font-size: medium;\"><span style=\"text-decoration: underline;\"><span style=\"font-size: small;\"><strong>Weitere ver\u00f6ffentlichte Erz\u00e4hlungen und Essays (Auswahl)<\/strong><\/span><br \/>\n<\/span><br \/>\n<\/span>B\u00fccher waren von Anfang an meine sch\u00f6nsten Geschenke &#8211; Ich \u00fcber mich. In: Oetinger Lesebuch, Almanach 2001\/2001, Verlag Friedrich Oetinger, Hamburg 2001<\/p>\n<p><span style=\"text-decoration: underline;\">Gegenrauschen<\/span>. In: J\u00fcrgen Roth und Hermann-Josef Schuh (Hg.), Rausch und K\u00fcnste. Konkursbuch Verlag Claudia Gehrke, T\u00fcbingen 1994<\/p>\n<p><span style=\"text-decoration: underline;\">Vaterblut<\/span>. In: Regina N\u00f6ssler und Petra Flocke (Hg.), Blut. Konkursbuch 33. Konkursbuch Verlag Claudia Gehrke, T\u00fcbingen 1997<\/p>\n<p><span style=\"line-height: 15px; font-size: x-small;\"><span style=\"text-decoration: underline;\">Verlorene Gesichter<\/span>. In: Madeleine Marti und Marianne Ulmi (Hg.), Sappho k\u00fc\u00dft Europa. Geschichten von Lesben aus zwanzig L\u00e4ndern. Querverlag, Berlin 1997<\/span><\/p>\n<p><span style=\"line-height: 15px; font-size: x-small;\">&#8212; amerik. \u00dcbersetzung: Lost Faces. In: Naomi Holoch and Joan Nestle (Ed.), The Vintage Book of International Lesbian Fiction. Random House, New York 1999<\/span><\/p>\n<p><span style=\"font-size: x-small;\"><span style=\"text-decoration: underline;\">Zechprelle<\/span>. In: Thomas Ott (Hg.), einmal wars sch\u00f6n. Erz\u00e4hlungen. M\u00e4nnerschwarmSkript Verlag, Hamburg 1997<\/span><\/p>\n<p><span style=\"text-decoration: underline;\">Regeln und Rollen<\/span>. In: Stephanie Kuhnen (Hg.), Butch\/Femme. Eine erotische Kultur. Querverlag, Berlin 1997<\/p>\n<p><span style=\"text-decoration: underline;\">Die Zicken und ich<\/span>. In: Andrea Krug und Dagmar Schadenberg (Hg.), Verf\u00fchrungen. Krug &amp; Schadenberg, Berlin 1998<\/p>\n<p>&#8212; auch in: Andrea Bu\u00dfemeier (Hg.), Sugar &amp; Spice. Schnelle Geschichten f\u00fcr harte Frauen. Knaur, M\u00fcnchen 2000<\/p>\n<p><span style=\"text-decoration: underline;\">Meine Mutter hat Recht<\/span>. In: Iris Konopik und Stefanie Montag (Hg.), Coming Out Lesebuch. Argument Verlag, Hamburg 1999<\/p>\n<p><span style=\"text-decoration: underline;\">Die dunkle H\u00e4lfte des Mondes<\/span>. In: Rainer Falk u.a. (Hg.), Sexperimente. Querverlag, Berlin 1999<\/p>\n<p><span style=\"text-decoration: underline;\">Fr\u00fchauff, Gronbach und Partner<\/span>. In: Andrea Krug und Dagmar Schadenberg (Hg.), Augenblicke. Krug &amp; Schadenberg, Berlin 1999<\/p>\n<p><span style=\"text-decoration: underline;\">Lesen in Leipzig<\/span>. In: Susanne Frank und Timothy Sonderh\u00fcsken (Hg.), Hot&#8217;n Holy. Ein erotischer Weihnachtskalender. Knaur, M\u00fcnchen 1999<\/p>\n<p><span style=\"text-decoration: underline;\">Tine aus dem Moore<\/span>. In: Alexandra Rak (Hg.), Von Gestern und Morgen. Mit 21 Autoren durch zwanzig und ein Jahrhundert. Verlag Friedrich Oetinger, Hamburg 2000<\/p>\n<p><span style=\"text-decoration: underline;\">Abenteuer und Frauengeschichten<\/span>. In: Nora D\u00e9chant (Hg.), \u00dcbernachtung mit Fr\u00fchst\u00fcck. Erotische Geschichten. Knaur, M\u00fcnchen 2000<\/p>\n<p><span style=\"text-decoration: underline;\">Was mir geh\u00f6rt<\/span>. In: Manuela Kay und Anja M\u00fcller (Hg.), Sch\u00f6ner kommen. Das Sexbuch f\u00fcr Lesben. Querverlag, Berlin 2000<\/p>\n<p><span style=\"text-decoration: underline;\">Die Parade der Postarbeiterinnen<\/span>. In: Sabine Blau (Hg.), Geschichten zum Rotwerden. Piper Verlag, M\u00fcnchen 2000<\/p>\n<p>&#8212; auch in: Sabine Blau (Hg.), Die wichtigste Sache der Welt. Piper Verlag, M\u00fcnchen 2003<\/p>\n<p><span style=\"font-size: x-small;\">&#8212; auch in: Nicola Sternfeld (Hg.), Einmal Prinzessin sein! Gute-Laune-Geschichten. Piper Verlag, M\u00fcnchen 2005<\/span><\/p>\n<p><span style=\"text-decoration: underline;\">B\u00fccher waren von Anfang an meine sch\u00f6nsten Geschenke &#8211; Ich \u00fcber mich<\/span>. In: Oetinger Lesebuch, Almanach 2001\/2001, Verlag Friedrich Oetinger, Hamburg 2001<\/p>\n<p><span style=\"text-decoration: underline;\">Wann die K\u00f6rper wichtig wurden<\/span>. In: Claudia Gehrke und Uve Schmidt, Mein heimliches Auge. Das Jahrbuch der Erotik XVI. Konkursbuch Verlag Claudia Gehrke, T\u00fcbingen 2001<\/p>\n<p><span style=\"text-decoration: underline;\">Was ich Moira nicht sage<\/span>. In: Bettina Hesse (Hg.), Feuer und Flamme. Ein erotisches Lesebuch. Rowohlt Verlag, Reinbek bei Hamburg 2002<\/p>\n<p><span style=\"text-decoration: underline;\">Cora kennt sich aus<\/span>. In: Michaela Kenklies (Hg.), Gute-Nacht-Geschichten f\u00fcr Frauen die nicht einschlafen wollen. Piper Verlag, M\u00fcnchen 2002<\/p>\n<p><span style=\"font-size: x-small;\">&#8212; auch in: <\/span><span style=\"font-size: x-small;\">Michaela Kenklies (Hg.), Gute-Nacht-Geschichten f\u00fcr M\u00e4nner und Frauen. Piper Verlag, M\u00fcnchen 2009<\/span><\/p>\n<p><span style=\"text-decoration: underline;\">Prost Lappland!<\/span> In: Annika Krummacher (Hg.), Freundinnen. Die sch\u00f6nsten Geschichten. Piper Verlag, M\u00fcnchen 2002<\/p>\n<p><span style=\"font-size: x-small;\">&#8212; auch in: Rainer H\u00f6rmann und Melanie Kropp (HG.), Einmal hin und quer. Lesbisch-schwule Reiseberichte. Querverlag, Berlin 2004<\/span><\/p>\n<p><span style=\"text-decoration: underline;\">Stille Beute<\/span>. In: Anna Maria Heller und Regina N\u00f6ssler (Hg.), Bisse und K\u00fcsse 2. Sexgeschichten. Querverlag, Berlin 2002<\/p>\n<p><span style=\"font-size: x-small;\"><span style=\"text-decoration: underline;\">Josef und Maria<\/span>. In: Susanne Klein (Hg.), Warten auf Weihnachten. 24 Geschichten bis zum Heiligabend. Verlag Friedrich Oetinger, Hamburg 2003<br \/>\n<\/span><\/p>\n<p><span style=\"font-size: x-small;\"><span style=\"text-decoration: underline;\">Meine Zuneigung und mein Mitgef\u00fchl liegen bei den Au\u00dfenseitern<\/span>.\u00a0 Karen-Susan Fessel \u00fcber &#8222;Ausgerechnet du&#8220;. In: Oetinger Lesebuch, Almanach 2003\/2004, Verlag Friedrich Oetinger, Hamburg 2003<\/span><\/p>\n<p><span style=\"font-size: x-small;\"><span style=\"text-decoration: underline;\">Kathrins Kind<\/span>. In: Ilona Bubeck (Hg.), Sappho k\u00fcsst die Sterne. Querverlag, Berlin 2004<\/span><\/p>\n<p><span style=\"font-size: x-small;\"><span style=\"text-decoration: underline;\">Ich bin Jason<\/span> und\u00a0<span style=\"text-decoration: underline;\">Das kleine Licht an der Wand.<\/span> Auf: Du hast Recht! H\u00f6rbuch. Headroom Sound Production, K\u00f6ln 2006<br \/>\n<\/span><\/p>\n<p><span style=\"font-size: x-small;\"><span style=\"text-decoration: underline;\">G\u00fcrtelschnallen auf Augenh\u00f6he<\/span>. In: Rainer Marbach (Hg.), Waldschl\u00f6sschen mittendrin. Ein Lesebuch. M\u00e4nnerschwarmSkript Verlag, Hamburg 2006<br \/>\n<\/span><\/p>\n<p><u>Ich stelle mich vor<\/u>. In: Kurt Franz und Paul Maar (Hg.), Leser treffen Autoren. Schriftenreihe der Deutschen Akademie f\u00fcr Kinder- und Jugendliteratur. Schneider Verlag Hohengehren 2007<\/p>\n<p><span style=\"font-size: x-small;\"><span style=\"text-decoration: underline;\">Tanten sind gut<\/span>. In: Sigrun Casper und Claudia Gehrke (Hg.), Familien-Bande. Konkursbuch 48. Konkursbuch Verlag Claudia Gehrke, T\u00fcbingen 2009<\/span><\/p>\n<p><span style=\"text-decoration: underline;\">Nur hier bei dir.<\/span> In: Ilona Einwohlt (Hg.), Lust.Liebe.Sex. Gulliver Taschenbuch im Beltz Verlag, Weinheim 2010<\/p>\n<p><span style=\"text-decoration: underline;\">Aus und vorbei.<\/span> In: Mein lesbisches Auge 12\/13. Konkursbuch Verlag Claudia Gehrke, T\u00fcbingen 2013<\/p>\n<p><span style=\"font-size: x-small;\"><span style=\"text-decoration: underline;\">Daf\u00fcr dann doch.<\/span> In: Mein lesbisches Auge 16. Konkursbuch Verlag Claudia Gehrke, T\u00fcbingen 2016<br \/>\n<\/span><\/p>\n<p>&nbsp;<\/p>\n<\/div>\n<p>&nbsp;<\/p>\n","protected":false},"excerpt":{"rendered":"<p>Eigenst\u00e4ndige literarische Ver\u00f6ffentlichungen Und abends mit Beleuchtung. Roman. konkursbuch Verlag Claudia Gehrke, T\u00fcbingen 1994 Heuchelmund. Erz\u00e4hlungen. konkursbuch Verlag Claudia Gehrke, T\u00fcbingen 1995 Bilder von ihr. Roman. Querverlag, Berlin 1996 TB-Ausgabe Piper Verlag, M\u00fcnchen 1999 Sirib, meine K\u00f6nigin. Erz\u00e4hlung. konkursbuch Verlag Claudia Gehrke, T\u00fcbingen 1997 Was ich Moira nicht sage. Erz\u00e4hlungen. Querverlag, Berlin 1998 TB-Ausgabe Piper &hellip; <\/p>\n<p class=\"link-more\"><a href=\"https:\/\/www.karen-susan-fessel.de\/index.php\/bibliografie-2\/\" class=\"more-link\"><span class=\"screen-reader-text\">\u201eBibliografie\u201c <\/span>weiterlesen<\/a><\/p>\n","protected":false},"author":2,"featured_media":0,"parent":0,"menu_order":2,"comment_status":"open","ping_status":"open","template":"","meta":{"footnotes":""},"class_list":["post-128","page","type-page","status-publish","hentry"],"_links":{"self":[{"href":"https:\/\/www.karen-susan-fessel.de\/index.php\/wp-json\/wp\/v2\/pages\/128","targetHints":{"allow":["GET"]}}],"collection":[{"href":"https:\/\/www.karen-susan-fessel.de\/index.php\/wp-json\/wp\/v2\/pages"}],"about":[{"href":"https:\/\/www.karen-susan-fessel.de\/index.php\/wp-json\/wp\/v2\/types\/page"}],"author":[{"embeddable":true,"href":"https:\/\/www.karen-susan-fessel.de\/index.php\/wp-json\/wp\/v2\/users\/2"}],"replies":[{"embeddable":true,"href":"https:\/\/www.karen-susan-fessel.de\/index.php\/wp-json\/wp\/v2\/comments?post=128"}],"version-history":[{"count":10,"href":"https:\/\/www.karen-susan-fessel.de\/index.php\/wp-json\/wp\/v2\/pages\/128\/revisions"}],"predecessor-version":[{"id":1607,"href":"https:\/\/www.karen-susan-fessel.de\/index.php\/wp-json\/wp\/v2\/pages\/128\/revisions\/1607"}],"wp:attachment":[{"href":"https:\/\/www.karen-susan-fessel.de\/index.php\/wp-json\/wp\/v2\/media?parent=128"}],"curies":[{"name":"wp","href":"https:\/\/api.w.org\/{rel}","templated":true}]}}