{"id":125,"date":"2015-01-08T00:03:43","date_gmt":"2015-01-08T00:03:43","guid":{"rendered":"http:\/\/www.karen-susan-fessel.de\/seminare\/?page_id=125"},"modified":"2025-08-12T10:38:29","modified_gmt":"2025-08-12T10:38:29","slug":"dein-eigenes-ding-individuelles-schreibcoaching","status":"publish","type":"page","link":"https:\/\/www.karen-susan-fessel.de\/seminare\/index.php\/dein-eigenes-ding-individuelles-schreibcoaching\/","title":{"rendered":"Pers\u00f6nliches Schreibcoaching und Lektorat"},"content":{"rendered":"<p>Du m\u00f6chtest dein ganz eigenes Ding machen &#8211; einen Roman, eine Biografie, mehrere Texte schreiben, auf deine eigene Art, in deinem eigenem Tempo &#8211; aber gern mit ein bisschen Hilfestellung?<br \/>\nDu brauchst jemanden, der sich auskennt und einfach mal draufguckt?<br \/>\nDir fehlt noch ein wenig Struktur?\u00a0Jemanden, der deine Idee von einer anderen Sichtweise aus betrachtet und dir Tipps zum Aufbau, zum Plot, zu den einzelnen Figuren geben kann?<\/p>\n<p>Du m\u00f6chtest ein individuelles Lektorat f\u00fcr nur einige Seiten oder auch ein ganzes Buch?<\/p>\n<p>Dann bist du hier\u00a0richtig! Bei mir bekommst du ein ganz auf deine Bed\u00fcrfnisse zugeschnittenes, individuelles Schreibcoaching &#8211; das bedeutet, dass ich deinen Schreibprozess mit hilfreichen Tipps, Vorschl\u00e4gen, aber auch Kritik begleite.<\/p>\n<h2>Lerneffekt:<\/h2>\n<p>Gerade bei\u00a0Langprojekten (wie einem Roman, einem Sachbuch oder einer Textsammlung) kann es \u00e4u\u00dferst hilfreich sein, ein kompetentes Gegen\u00fcber zu haben, das die eigenen Ideen reflektiert\u00a0und strukturiert. Eine andere Sichtweise, aber auch fundierte Kritik k\u00f6nnen dir neue Impulse und neuen Schwung geben, dein Projekt wieder aufzunehmen oder zu Ende zu bringen.<\/p>\n<h2>Ablauf:<\/h2>\n<p>Du schickst mir deine Notizen und\/oder Textfragmente, ich lese sie mir durch und mache mir Notizen und einen pers\u00f6nlichen Fahrplan f\u00fcr dich und deine\/n Text\/e. Dein Plot (die Handlung) und der dramaturgische Aufbau stehen dabei zun\u00e4chst im Mittelpunkt. Anhand von deiner Idee, den Figuren und wichtigen Handlungsknoten und Wendepunkten arbeiten wir uns Schritt f\u00fcr Schritt durch deine Geschichte\/n.<\/p>\n<h2>Dauer:<\/h2>\n<p>je nach Bedarf und Vereinbarung. Vielleicht reicht dir ein kurzes Gutachten, vielleicht m\u00f6chtest du auch \u00fcber einen l\u00e4ngeren Zeitraum von mir betreut werden &#8211; alles ist machbar.<\/p>\n<h2>Kosten:<\/h2>\n<p>70 \u20ac inkl. 19 % MwSt. pro Stunde; bei l\u00e4ngerer Schreibbegleitung k\u00f6nnen wir auch ein g\u00fcnstigeres Pauschalhonorar vereinbaren.<\/p>\n","protected":false},"excerpt":{"rendered":"<p>Du m\u00f6chtest dein ganz eigenes Ding machen &#8211; einen Roman, eine Biografie, mehrere Texte schreiben, auf deine eigene Art, in deinem eigenem Tempo &#8211; aber gern mit ein bisschen Hilfestellung? Du brauchst jemanden, der sich auskennt und einfach mal draufguckt? Dir fehlt noch ein wenig Struktur?\u00a0Jemanden, der deine Idee von einer anderen Sichtweise aus betrachtet [&hellip;]<\/p>\n","protected":false},"author":2,"featured_media":0,"parent":0,"menu_order":0,"comment_status":"open","ping_status":"open","template":"","meta":{"_et_pb_use_builder":"","_et_pb_old_content":"","_et_gb_content_width":"","footnotes":""},"class_list":["post-125","page","type-page","status-publish","hentry"],"_links":{"self":[{"href":"https:\/\/www.karen-susan-fessel.de\/seminare\/index.php\/wp-json\/wp\/v2\/pages\/125","targetHints":{"allow":["GET"]}}],"collection":[{"href":"https:\/\/www.karen-susan-fessel.de\/seminare\/index.php\/wp-json\/wp\/v2\/pages"}],"about":[{"href":"https:\/\/www.karen-susan-fessel.de\/seminare\/index.php\/wp-json\/wp\/v2\/types\/page"}],"author":[{"embeddable":true,"href":"https:\/\/www.karen-susan-fessel.de\/seminare\/index.php\/wp-json\/wp\/v2\/users\/2"}],"replies":[{"embeddable":true,"href":"https:\/\/www.karen-susan-fessel.de\/seminare\/index.php\/wp-json\/wp\/v2\/comments?post=125"}],"version-history":[{"count":8,"href":"https:\/\/www.karen-susan-fessel.de\/seminare\/index.php\/wp-json\/wp\/v2\/pages\/125\/revisions"}],"predecessor-version":[{"id":607,"href":"https:\/\/www.karen-susan-fessel.de\/seminare\/index.php\/wp-json\/wp\/v2\/pages\/125\/revisions\/607"}],"wp:attachment":[{"href":"https:\/\/www.karen-susan-fessel.de\/seminare\/index.php\/wp-json\/wp\/v2\/media?parent=125"}],"curies":[{"name":"wp","href":"https:\/\/api.w.org\/{rel}","templated":true}]}}