{"id":60,"date":"2015-01-07T14:59:17","date_gmt":"2015-01-07T14:59:17","guid":{"rendered":"http:\/\/www.karen-susan-fessel.de\/seminare\/?page_id=60"},"modified":"2025-08-12T10:36:37","modified_gmt":"2025-08-12T10:36:37","slug":"roman-schreiben","status":"publish","type":"page","link":"https:\/\/www.karen-susan-fessel.de\/seminare\/index.php\/roman-schreiben\/","title":{"rendered":"Einzel-Schreibworkshop: Mein Buch"},"content":{"rendered":"<p><strong>Mein Buch \u2013 Schreibworkshop f\u00fcr Schreibende, die ein eigenes Buch in Planung oder Arbeit haben<\/strong><\/p>\n<p>Ein eigenes Buch? Die Idee ist schon da, es gibt vielleicht auch schon Text &#8211; aber wie weiter? Was muss alles hinein, und womit\u00a0fange ich an?<\/p>\n<p>Besonders wichtig: die Struktur und der Aufbau, aber auch Erz\u00e4hlzeit- und Perspektive, Handlungsort, die Charaktere und der Sprachduktus.<br \/>\nDiesen verschiedenen Bereichen werden wir uns in diesem Schreibworkshop widmen.<\/p>\n<p>Unter fachkundiger Anleitung feilst du deine Buchidee aus, er- und \u00fcberarbeitest dessen Strukur und schreibst k\u00fcrzere Textpassagen zu wichtigen Stellen.<\/p>\n<p>Der Workshop\u00a0richtet sich ausschlie\u00dflich an Schreibende, die ein eigenes Buch in Planung oder bereits in Arbeit haben. Dabei kann es sich sowohl um einen Roman, ein Sachbuch, eine Textsammlung\u00a0wie auch eine biografische Erz\u00e4hlung handeln.<\/p>\n<h2>Lerneffekt:<\/h2>\n<p>W\u00e4hrend der acht- bis sechzehnw\u00f6chigen w\u00f6chigen\u00a0Dauer (je nach Vereinbarung) werden wir gemeinsam das in Arbeit oder Planung befindliche Buchprojekt &#8211; das kann ein Roman, eine Erz\u00e4hlsammlung, aber auch ein Sachbuch oder ein biografischer Text sein &#8211; auf St\u00e4rken und Schw\u00e4chen hin abklopfen und dich in die Lage versetzen, es ein gutes St\u00fcck voran-, mindestens aber auf einen guten Weg zu bringen &#8230; Dazu geh\u00f6rt auch die Erarbeitung eines aussagekr\u00e4ftigen Expos\u00e9s, mit dem du dein Buch bei einem geeigneten Verlag pr\u00e4sentieren kannst.<\/p>\n<h2>Ablauf:<\/h2>\n<p>Du lernst in acht aufeinander aufbauenden oder aber, je nach Vorarbeit, ineinander \u00fcbergreifenden Lektionen\/Modulen \u00fcber folgende Basiselemente, die bei der gelungenen Umsetzung einer Buchidee\u00a0eine wichtige Rolle spielen:<\/p>\n<p>1. Von der Idee zur Geschichte<br \/>\n2. Anfang und Ende<br \/>\n3. Personenentwicklung<br \/>\n4. Erz\u00e4hlzeit und erz\u00e4hlte Zeit<br \/>\n5. Perspektive<br \/>\n6. Aufbau und\u00a0Struktur<br \/>\n7. Stilmittel und Sprachduktus<br \/>\n8. Das Expos\u00e9<\/p>\n<p>Jeden zweiten Montag w\u00e4hrend der sechzehnw\u00f6chigen Laufzeit startet ein neues Modul &#8211; und du\u00a0bekommst eine speziell auf dein Projekt abgestimmte Schreibaufgabe, die du innerhalb von zehn Tagen\u00a0erledigst\u00a0und an mich zur\u00fcckschickst. Die n\u00e4chste Aufgabe kommt zusammen mit meinem ausf\u00fchrlichen Feedback. Du kannst aber auch eine k\u00fcrzere Laufzeit (w\u00f6chentliche Aufgaben) oder eine individuelle mit mir vereinbaren.<br \/>\nInnerhalb der Laufzeit des Workshops\u00a0hast du selbstverst\u00e4ndlich die M\u00f6glichkeit, Fragen zum Feedback zu stellen &#8211; ich beantworte sie dir gern und nat\u00fcrlich kostenlos, jeweils innerhalb von drei Tagen nach Eingang.<br \/>\nDu willst eine \u00dcbung wiederholen und dabei die richtige Umsetzung meines Feedbacks \u00fcberpr\u00fcfen? Nur zu &#8211; eine Zweitkorrektur ist eingeschlossen und nat\u00fcrlich ebenfalls kostenlos.<\/p>\n<h2>Dauer:<\/h2>\n<p>Du buchst den Workshop zu einem Termin mit dynamischer Laufzeit, den du individuell mit mir vereinbarst. Hier kannst du den Rhythmus und die Laufzeit in Absprache mit mir selbst bestimmen.<\/p>\n<p>Dauer acht bis sechzehn Wochen \/ zwei bis vier Monate je nach Absprache; Beginn nach Absprache.<\/p>\n<p>F\u00fcr die Erledigung der jeweiligen Aufgabe solltest du mindestens 60 bis 120 Minuten einplanen, bei Bedarf auch l\u00e4nger.<\/p>\n<p>Solltest du einen vereinbarten Abgabetermin um mehr als eine Woche \u00fcberschreiten, kann der Workshop unter Umst\u00e4nden nicht fortgesetzt werden.<\/p>\n<p>Du schickst deine Texte als Word-Dateien als Mailanhang und bekommst sie zur\u00fcck mit Anmerkungen im eingeschalteten \u00c4nderungen-nachverfolgen-Modus.<\/p>\n<h2>Kosten:<\/h2>\n<p>Der gesamte Workshop kostet 749 \u20ac inkl. 7% Mwst.<\/p>\n<p>Buchung per Email unter <a href=\"mailto:ks.fessel@gmail.com\">ks.fessel@gmail.com<\/a><\/p>\n","protected":false},"excerpt":{"rendered":"<p>Mein Buch \u2013 Schreibworkshop f\u00fcr Schreibende, die ein eigenes Buch in Planung oder Arbeit haben Ein eigenes Buch? Die Idee ist schon da, es gibt vielleicht auch schon Text &#8211; aber wie weiter? Was muss alles hinein, und womit\u00a0fange ich an? Besonders wichtig: die Struktur und der Aufbau, aber auch Erz\u00e4hlzeit- und Perspektive, Handlungsort, die [&hellip;]<\/p>\n","protected":false},"author":2,"featured_media":0,"parent":0,"menu_order":0,"comment_status":"open","ping_status":"open","template":"","meta":{"_et_pb_use_builder":"","_et_pb_old_content":"","_et_gb_content_width":"","footnotes":""},"class_list":["post-60","page","type-page","status-publish","hentry"],"_links":{"self":[{"href":"https:\/\/www.karen-susan-fessel.de\/seminare\/index.php\/wp-json\/wp\/v2\/pages\/60","targetHints":{"allow":["GET"]}}],"collection":[{"href":"https:\/\/www.karen-susan-fessel.de\/seminare\/index.php\/wp-json\/wp\/v2\/pages"}],"about":[{"href":"https:\/\/www.karen-susan-fessel.de\/seminare\/index.php\/wp-json\/wp\/v2\/types\/page"}],"author":[{"embeddable":true,"href":"https:\/\/www.karen-susan-fessel.de\/seminare\/index.php\/wp-json\/wp\/v2\/users\/2"}],"replies":[{"embeddable":true,"href":"https:\/\/www.karen-susan-fessel.de\/seminare\/index.php\/wp-json\/wp\/v2\/comments?post=60"}],"version-history":[{"count":45,"href":"https:\/\/www.karen-susan-fessel.de\/seminare\/index.php\/wp-json\/wp\/v2\/pages\/60\/revisions"}],"predecessor-version":[{"id":605,"href":"https:\/\/www.karen-susan-fessel.de\/seminare\/index.php\/wp-json\/wp\/v2\/pages\/60\/revisions\/605"}],"wp:attachment":[{"href":"https:\/\/www.karen-susan-fessel.de\/seminare\/index.php\/wp-json\/wp\/v2\/media?parent=60"}],"curies":[{"name":"wp","href":"https:\/\/api.w.org\/{rel}","templated":true}]}}